{"id":3248,"date":"2022-01-24T16:08:04","date_gmt":"2022-01-24T16:08:04","guid":{"rendered":"https:\/\/www.fb-srl.com\/?page_id=3248"},"modified":"2022-01-24T16:08:04","modified_gmt":"2022-01-24T16:08:04","slug":"schaerfung","status":"publish","type":"page","link":"https:\/\/www.fb-srl.com\/de\/schaerfung\/","title":{"rendered":"SCH\u00c4RFUNG"},"content":{"rendered":"<section class=\"wpb-content-wrapper\"><p>[vc_row][vc_column width=&#8220;2\/3&#8243;][vc_row_inner][vc_column_inner][vc_column_text css_animation=&#8220;fadeInLeft&#8220;]Wir m\u00f6chten Ihnen mitteilen, dass unser Unternehmen nach 25 Jahren R\u00e4umbearbeitung in Zusammenarbeit mit den wichtigsten Verzahnungsherstellern f\u00fcr verschiedene mechanische Bereiche nun in der Lage ist, R\u00e4umwerkzeuge zu sch\u00e4rfen. R\u00e4umnadeln sind die Werkzeuge der mechanischen Industrie, die am meisten eine sehr hochwertige Sch\u00e4rfung erfordern.<\/p>\n<p>Damit die R\u00e4umnadel unter optimalen Bedingungen funktioniert, muss sie richtig gesch\u00e4rft und gesch\u00e4rft werden, bevor die Schneide zu stark abgenutzt ist. <\/p>\n<p>Wenn die Abnutzung der R\u00e4umnadel 0,15 mm \u00fcberschreitet, muss beim Sch\u00e4rfen eine gr\u00f6\u00dfere Materialst\u00e4rke entfernt werden, was die Lebensdauer des Werkzeugs beeintr\u00e4chtigt. Es wird immer empfohlen, die R\u00e4umnadel zu sch\u00e4rfen, wenn der Verschlei\u00df innerhalb von 0,10 mm liegt, um mehr sch\u00e4rfen zu k\u00f6nnen und somit die Lebensdauer der R\u00e4umnadel zu verl\u00e4ngern. Wir empfehlen, 80 Meter Verarbeitung nicht zu \u00fcberschreiten.<\/p>\n<p>Die F. B. ist mit speziellen numerisch gesteuerten Maschinen zum Sch\u00e4rfen von Rund- und Flachnadeln ausgestattet, die die Einhaltung der vom Hersteller angegebenen wesentlichen Geometrien gew\u00e4hrleisten. Beim Sch\u00e4rfen von Rundnadeln wird ein numerisch gesteuertes Sch\u00e4rfen von 5 mm bis 200 mm f\u00fcr eine maximale L\u00e4nge von 2100 mm durchgef\u00fchrt. Was das Sch\u00e4rfen der Flachnadeln betrifft, wird ein numerisch gesteuertes Sch\u00e4rfen von 2 mm bis 30 mm durchgef\u00fchrt.[\/vc_column_text][\/vc_column_inner][\/vc_row_inner][\/vc_column][vc_column width=&#8220;1\/3&#8243;][vc_single_image image=&#8220;3255&#8243; img_size=&#8220;300&#215;500&#8243; alignment=&#8220;center&#8220;][\/vc_column][\/vc_row]<\/p>\n<\/section>","protected":false},"excerpt":{"rendered":"<p>[vc_row][vc_column width=&#8220;2\/3&#8243;][vc_row_inner][vc_column_inner][vc_column_text css_animation=&#8220;fadeInLeft&#8220;]Wir m\u00f6chten Ihnen mitteilen, dass unser Unternehmen nach 25 Jahren R\u00e4umbearbeitung in Zusammenarbeit mit den wichtigsten Verzahnungsherstellern f\u00fcr verschiedene mechanische Bereiche nun in der Lage ist, R\u00e4umwerkzeuge zu&hellip;<\/p>\n","protected":false},"author":2,"featured_media":0,"parent":0,"menu_order":0,"comment_status":"closed","ping_status":"closed","template":"","meta":[],"yoast_head":"<!-- This site is optimized with the Yoast SEO plugin v20.11 - https:\/\/yoast.com\/wordpress\/plugins\/seo\/ -->\n<title>SCH\u00c4RFUNG - FB s.r.l.<\/title>\n<meta name=\"robots\" content=\"index, follow, max-snippet:-1, max-image-preview:large, max-video-preview:-1\" \/>\n<link rel=\"canonical\" href=\"https:\/\/www.fb-srl.com\/de\/schaerfung\/\" \/>\n<meta property=\"og:locale\" content=\"de_DE\" \/>\n<meta property=\"og:type\" content=\"article\" \/>\n<meta property=\"og:title\" content=\"SCH\u00c4RFUNG - FB s.r.l.\" \/>\n<meta property=\"og:description\" content=\"[vc_row][vc_column width=&#8220;2\/3&#8243;][vc_row_inner][vc_column_inner][vc_column_text css_animation=&#8220;fadeInLeft&#8220;]Wir m\u00f6chten Ihnen mitteilen, dass unser Unternehmen nach 25 Jahren R\u00e4umbearbeitung in Zusammenarbeit mit den wichtigsten Verzahnungsherstellern f\u00fcr verschiedene mechanische Bereiche nun in der Lage ist, R\u00e4umwerkzeuge zu&hellip;\" \/>\n<meta property=\"og:url\" content=\"https:\/\/www.fb-srl.com\/de\/schaerfung\/\" \/>\n<meta property=\"og:site_name\" content=\"FB s.r.l.\" \/>\n<meta name=\"twitter:card\" content=\"summary_large_image\" \/>\n<meta name=\"twitter:label1\" content=\"Gesch\u00e4tzte Lesezeit\" \/>\n\t<meta name=\"twitter:data1\" content=\"1\u00a0Minute\" \/>\n<script type=\"application\/ld+json\" class=\"yoast-schema-graph\">{\"@context\":\"https:\/\/schema.org\",\"@graph\":[{\"@type\":\"WebPage\",\"@id\":\"https:\/\/www.fb-srl.com\/de\/schaerfung\/\",\"url\":\"https:\/\/www.fb-srl.com\/de\/schaerfung\/\",\"name\":\"SCH\u00c4RFUNG - FB s.r.l.\",\"isPartOf\":{\"@id\":\"https:\/\/www.fb-srl.com\/#website\"},\"datePublished\":\"2022-01-24T16:08:04+00:00\",\"dateModified\":\"2022-01-24T16:08:04+00:00\",\"breadcrumb\":{\"@id\":\"https:\/\/www.fb-srl.com\/de\/schaerfung\/#breadcrumb\"},\"inLanguage\":\"de\",\"potentialAction\":[{\"@type\":\"ReadAction\",\"target\":[\"https:\/\/www.fb-srl.com\/de\/schaerfung\/\"]}]},{\"@type\":\"BreadcrumbList\",\"@id\":\"https:\/\/www.fb-srl.com\/de\/schaerfung\/#breadcrumb\",\"itemListElement\":[{\"@type\":\"ListItem\",\"position\":1,\"name\":\"Home\",\"item\":\"https:\/\/www.fb-srl.com\/de\/\"},{\"@type\":\"ListItem\",\"position\":2,\"name\":\"SCH\u00c4RFUNG\"}]},{\"@type\":\"WebSite\",\"@id\":\"https:\/\/www.fb-srl.com\/#website\",\"url\":\"https:\/\/www.fb-srl.com\/\",\"name\":\"FB s.r.l.\",\"description\":\"Lavorazioni Meccaniche di precisione\",\"publisher\":{\"@id\":\"https:\/\/www.fb-srl.com\/#organization\"},\"potentialAction\":[{\"@type\":\"SearchAction\",\"target\":{\"@type\":\"EntryPoint\",\"urlTemplate\":\"https:\/\/www.fb-srl.com\/?s={search_term_string}\"},\"query-input\":\"required name=search_term_string\"}],\"inLanguage\":\"de\"},{\"@type\":\"Organization\",\"@id\":\"https:\/\/www.fb-srl.com\/#organization\",\"name\":\"FB srl\",\"url\":\"https:\/\/www.fb-srl.com\/\",\"logo\":{\"@type\":\"ImageObject\",\"inLanguage\":\"de\",\"@id\":\"https:\/\/www.fb-srl.com\/#\/schema\/logo\/image\/\",\"url\":\"https:\/\/www.fb-srl.com\/wp-content\/uploads\/2019\/07\/FB-logo.png\",\"contentUrl\":\"https:\/\/www.fb-srl.com\/wp-content\/uploads\/2019\/07\/FB-logo.png\",\"width\":2175,\"height\":1063,\"caption\":\"FB srl\"},\"image\":{\"@id\":\"https:\/\/www.fb-srl.com\/#\/schema\/logo\/image\/\"}}]}<\/script>\n<!-- \/ Yoast SEO plugin. -->","yoast_head_json":{"title":"SCH\u00c4RFUNG - FB s.r.l.","robots":{"index":"index","follow":"follow","max-snippet":"max-snippet:-1","max-image-preview":"max-image-preview:large","max-video-preview":"max-video-preview:-1"},"canonical":"https:\/\/www.fb-srl.com\/de\/schaerfung\/","og_locale":"de_DE","og_type":"article","og_title":"SCH\u00c4RFUNG - FB s.r.l.","og_description":"[vc_row][vc_column width=&#8220;2\/3&#8243;][vc_row_inner][vc_column_inner][vc_column_text css_animation=&#8220;fadeInLeft&#8220;]Wir m\u00f6chten Ihnen mitteilen, dass unser Unternehmen nach 25 Jahren R\u00e4umbearbeitung in Zusammenarbeit mit den wichtigsten Verzahnungsherstellern f\u00fcr verschiedene mechanische Bereiche nun in der Lage ist, R\u00e4umwerkzeuge zu&hellip;","og_url":"https:\/\/www.fb-srl.com\/de\/schaerfung\/","og_site_name":"FB s.r.l.","twitter_card":"summary_large_image","twitter_misc":{"Gesch\u00e4tzte Lesezeit":"1\u00a0Minute"},"schema":{"@context":"https:\/\/schema.org","@graph":[{"@type":"WebPage","@id":"https:\/\/www.fb-srl.com\/de\/schaerfung\/","url":"https:\/\/www.fb-srl.com\/de\/schaerfung\/","name":"SCH\u00c4RFUNG - FB s.r.l.","isPartOf":{"@id":"https:\/\/www.fb-srl.com\/#website"},"datePublished":"2022-01-24T16:08:04+00:00","dateModified":"2022-01-24T16:08:04+00:00","breadcrumb":{"@id":"https:\/\/www.fb-srl.com\/de\/schaerfung\/#breadcrumb"},"inLanguage":"de","potentialAction":[{"@type":"ReadAction","target":["https:\/\/www.fb-srl.com\/de\/schaerfung\/"]}]},{"@type":"BreadcrumbList","@id":"https:\/\/www.fb-srl.com\/de\/schaerfung\/#breadcrumb","itemListElement":[{"@type":"ListItem","position":1,"name":"Home","item":"https:\/\/www.fb-srl.com\/de\/"},{"@type":"ListItem","position":2,"name":"SCH\u00c4RFUNG"}]},{"@type":"WebSite","@id":"https:\/\/www.fb-srl.com\/#website","url":"https:\/\/www.fb-srl.com\/","name":"FB s.r.l.","description":"Lavorazioni Meccaniche di precisione","publisher":{"@id":"https:\/\/www.fb-srl.com\/#organization"},"potentialAction":[{"@type":"SearchAction","target":{"@type":"EntryPoint","urlTemplate":"https:\/\/www.fb-srl.com\/?s={search_term_string}"},"query-input":"required name=search_term_string"}],"inLanguage":"de"},{"@type":"Organization","@id":"https:\/\/www.fb-srl.com\/#organization","name":"FB srl","url":"https:\/\/www.fb-srl.com\/","logo":{"@type":"ImageObject","inLanguage":"de","@id":"https:\/\/www.fb-srl.com\/#\/schema\/logo\/image\/","url":"https:\/\/www.fb-srl.com\/wp-content\/uploads\/2019\/07\/FB-logo.png","contentUrl":"https:\/\/www.fb-srl.com\/wp-content\/uploads\/2019\/07\/FB-logo.png","width":2175,"height":1063,"caption":"FB srl"},"image":{"@id":"https:\/\/www.fb-srl.com\/#\/schema\/logo\/image\/"}}]}},"_links":{"self":[{"href":"https:\/\/www.fb-srl.com\/de\/wp-json\/wp\/v2\/pages\/3248"}],"collection":[{"href":"https:\/\/www.fb-srl.com\/de\/wp-json\/wp\/v2\/pages"}],"about":[{"href":"https:\/\/www.fb-srl.com\/de\/wp-json\/wp\/v2\/types\/page"}],"author":[{"embeddable":true,"href":"https:\/\/www.fb-srl.com\/de\/wp-json\/wp\/v2\/users\/2"}],"replies":[{"embeddable":true,"href":"https:\/\/www.fb-srl.com\/de\/wp-json\/wp\/v2\/comments?post=3248"}],"version-history":[{"count":7,"href":"https:\/\/www.fb-srl.com\/de\/wp-json\/wp\/v2\/pages\/3248\/revisions"}],"predecessor-version":[{"id":3270,"href":"https:\/\/www.fb-srl.com\/de\/wp-json\/wp\/v2\/pages\/3248\/revisions\/3270"}],"wp:attachment":[{"href":"https:\/\/www.fb-srl.com\/de\/wp-json\/wp\/v2\/media?parent=3248"}],"curies":[{"name":"wp","href":"https:\/\/api.w.org\/{rel}","templated":true}]}}