{"id":2874,"date":"2019-09-04T18:59:29","date_gmt":"2019-09-04T18:59:29","guid":{"rendered":"https:\/\/www.fb-srl.com\/stossen\/"},"modified":"2019-11-11T18:28:37","modified_gmt":"2019-11-11T18:28:37","slug":"stossen","status":"publish","type":"page","link":"https:\/\/www.fb-srl.com\/de\/stossen\/","title":{"rendered":"STOSSEN"},"content":{"rendered":"<section class=\"wpb-content-wrapper\"><p>[vc_row][vc_column width=&#8220;2\/3&#8243;][vc_row_inner][vc_column_inner][vc_column_text css_animation=&#8220;fadeInLeft&#8220;]Die FB SRL ist in der Lage, mittels NC-Formfr\u00e4sen Nuten<br \/>\nin Blind- und Durchgangsbohrungen f\u00fcr kleine, mittlere und gro\u00dfe St\u00fcckzahlen herzustellen.[\/vc_column_text][\/vc_column_inner][\/vc_row_inner][vc_empty_space][vc_empty_space][vc_empty_space][vc_single_image image=&#8220;2879&#8243; img_size=&#8220;full&#8220; alignment=&#8220;center&#8220; css_animation=&#8220;fadeIn&#8220;][\/vc_column][vc_column width=&#8220;1\/3&#8243;][vc_single_image image=&#8220;2861&#8243; img_size=&#8220;300&#215;500&#8243; alignment=&#8220;center&#8220;][\/vc_column][\/vc_row][vc_row][vc_column][vc_empty_space][\/vc_column][\/vc_row]<\/p>\n<\/section>","protected":false},"excerpt":{"rendered":"<p>[vc_row][vc_column width=&#8220;2\/3&#8243;][vc_row_inner][vc_column_inner][vc_column_text css_animation=&#8220;fadeInLeft&#8220;]Die FB SRL ist in der Lage, mittels NC-Formfr\u00e4sen Nuten in Blind- und Durchgangsbohrungen f\u00fcr kleine, mittlere und gro\u00dfe St\u00fcckzahlen herzustellen.[\/vc_column_text][\/vc_column_inner][\/vc_row_inner][vc_empty_space][vc_empty_space][vc_empty_space][vc_single_image image=&#8220;2879&#8243; img_size=&#8220;full&#8220; alignment=&#8220;center&#8220; css_animation=&#8220;fadeIn&#8220;][\/vc_column][vc_column width=&#8220;1\/3&#8243;][vc_single_image image=&#8220;2861&#8243; img_size=&#8220;300&#215;500&#8243;&hellip;<\/p>\n","protected":false},"author":1,"featured_media":0,"parent":0,"menu_order":0,"comment_status":"closed","ping_status":"closed","template":"","meta":[],"yoast_head":"<!-- This site is optimized with the Yoast SEO plugin v20.11 - https:\/\/yoast.com\/wordpress\/plugins\/seo\/ -->\n<title>STOSSEN - FB s.r.l.<\/title>\n<meta name=\"robots\" content=\"index, follow, max-snippet:-1, max-image-preview:large, max-video-preview:-1\" \/>\n<link rel=\"canonical\" href=\"https:\/\/www.fb-srl.com\/de\/stossen\/\" \/>\n<meta property=\"og:locale\" content=\"de_DE\" \/>\n<meta property=\"og:type\" content=\"article\" \/>\n<meta property=\"og:title\" content=\"STOSSEN - FB s.r.l.\" \/>\n<meta property=\"og:description\" content=\"[vc_row][vc_column width=&#8220;2\/3&#8243;][vc_row_inner][vc_column_inner][vc_column_text css_animation=&#8220;fadeInLeft&#8220;]Die FB SRL ist in der Lage, mittels NC-Formfr\u00e4sen Nuten in Blind- und Durchgangsbohrungen f\u00fcr kleine, mittlere und gro\u00dfe St\u00fcckzahlen herzustellen.[\/vc_column_text][\/vc_column_inner][\/vc_row_inner][vc_empty_space][vc_empty_space][vc_empty_space][vc_single_image image=&#8220;2879&#8243; img_size=&#8220;full&#8220; alignment=&#8220;center&#8220; css_animation=&#8220;fadeIn&#8220;][\/vc_column][vc_column width=&#8220;1\/3&#8243;][vc_single_image image=&#8220;2861&#8243; img_size=&#8220;300&#215;500&#8243;&hellip;\" \/>\n<meta property=\"og:url\" content=\"https:\/\/www.fb-srl.com\/de\/stossen\/\" \/>\n<meta property=\"og:site_name\" content=\"FB s.r.l.\" \/>\n<meta property=\"article:modified_time\" content=\"2019-11-11T18:28:37+00:00\" \/>\n<meta name=\"twitter:card\" content=\"summary_large_image\" \/>\n<meta name=\"twitter:label1\" content=\"Gesch\u00e4tzte Lesezeit\" \/>\n\t<meta name=\"twitter:data1\" content=\"1\u00a0Minute\" \/>\n<script type=\"application\/ld+json\" class=\"yoast-schema-graph\">{\"@context\":\"https:\/\/schema.org\",\"@graph\":[{\"@type\":\"WebPage\",\"@id\":\"https:\/\/www.fb-srl.com\/de\/stossen\/\",\"url\":\"https:\/\/www.fb-srl.com\/de\/stossen\/\",\"name\":\"STOSSEN - FB s.r.l.\",\"isPartOf\":{\"@id\":\"https:\/\/www.fb-srl.com\/#website\"},\"datePublished\":\"2019-09-04T18:59:29+00:00\",\"dateModified\":\"2019-11-11T18:28:37+00:00\",\"breadcrumb\":{\"@id\":\"https:\/\/www.fb-srl.com\/de\/stossen\/#breadcrumb\"},\"inLanguage\":\"de\",\"potentialAction\":[{\"@type\":\"ReadAction\",\"target\":[\"https:\/\/www.fb-srl.com\/de\/stossen\/\"]}]},{\"@type\":\"BreadcrumbList\",\"@id\":\"https:\/\/www.fb-srl.com\/de\/stossen\/#breadcrumb\",\"itemListElement\":[{\"@type\":\"ListItem\",\"position\":1,\"name\":\"Home\",\"item\":\"https:\/\/www.fb-srl.com\/de\/\"},{\"@type\":\"ListItem\",\"position\":2,\"name\":\"STOSSEN\"}]},{\"@type\":\"WebSite\",\"@id\":\"https:\/\/www.fb-srl.com\/#website\",\"url\":\"https:\/\/www.fb-srl.com\/\",\"name\":\"FB s.r.l.\",\"description\":\"Lavorazioni Meccaniche di precisione\",\"publisher\":{\"@id\":\"https:\/\/www.fb-srl.com\/#organization\"},\"potentialAction\":[{\"@type\":\"SearchAction\",\"target\":{\"@type\":\"EntryPoint\",\"urlTemplate\":\"https:\/\/www.fb-srl.com\/?s={search_term_string}\"},\"query-input\":\"required name=search_term_string\"}],\"inLanguage\":\"de\"},{\"@type\":\"Organization\",\"@id\":\"https:\/\/www.fb-srl.com\/#organization\",\"name\":\"FB srl\",\"url\":\"https:\/\/www.fb-srl.com\/\",\"logo\":{\"@type\":\"ImageObject\",\"inLanguage\":\"de\",\"@id\":\"https:\/\/www.fb-srl.com\/#\/schema\/logo\/image\/\",\"url\":\"https:\/\/www.fb-srl.com\/wp-content\/uploads\/2019\/07\/FB-logo.png\",\"contentUrl\":\"https:\/\/www.fb-srl.com\/wp-content\/uploads\/2019\/07\/FB-logo.png\",\"width\":2175,\"height\":1063,\"caption\":\"FB srl\"},\"image\":{\"@id\":\"https:\/\/www.fb-srl.com\/#\/schema\/logo\/image\/\"}}]}<\/script>\n<!-- \/ Yoast SEO plugin. -->","yoast_head_json":{"title":"STOSSEN - FB s.r.l.","robots":{"index":"index","follow":"follow","max-snippet":"max-snippet:-1","max-image-preview":"max-image-preview:large","max-video-preview":"max-video-preview:-1"},"canonical":"https:\/\/www.fb-srl.com\/de\/stossen\/","og_locale":"de_DE","og_type":"article","og_title":"STOSSEN - FB s.r.l.","og_description":"[vc_row][vc_column width=&#8220;2\/3&#8243;][vc_row_inner][vc_column_inner][vc_column_text css_animation=&#8220;fadeInLeft&#8220;]Die FB SRL ist in der Lage, mittels NC-Formfr\u00e4sen Nuten in Blind- und Durchgangsbohrungen f\u00fcr kleine, mittlere und gro\u00dfe St\u00fcckzahlen herzustellen.[\/vc_column_text][\/vc_column_inner][\/vc_row_inner][vc_empty_space][vc_empty_space][vc_empty_space][vc_single_image image=&#8220;2879&#8243; img_size=&#8220;full&#8220; alignment=&#8220;center&#8220; css_animation=&#8220;fadeIn&#8220;][\/vc_column][vc_column width=&#8220;1\/3&#8243;][vc_single_image image=&#8220;2861&#8243; img_size=&#8220;300&#215;500&#8243;&hellip;","og_url":"https:\/\/www.fb-srl.com\/de\/stossen\/","og_site_name":"FB s.r.l.","article_modified_time":"2019-11-11T18:28:37+00:00","twitter_card":"summary_large_image","twitter_misc":{"Gesch\u00e4tzte Lesezeit":"1\u00a0Minute"},"schema":{"@context":"https:\/\/schema.org","@graph":[{"@type":"WebPage","@id":"https:\/\/www.fb-srl.com\/de\/stossen\/","url":"https:\/\/www.fb-srl.com\/de\/stossen\/","name":"STOSSEN - FB s.r.l.","isPartOf":{"@id":"https:\/\/www.fb-srl.com\/#website"},"datePublished":"2019-09-04T18:59:29+00:00","dateModified":"2019-11-11T18:28:37+00:00","breadcrumb":{"@id":"https:\/\/www.fb-srl.com\/de\/stossen\/#breadcrumb"},"inLanguage":"de","potentialAction":[{"@type":"ReadAction","target":["https:\/\/www.fb-srl.com\/de\/stossen\/"]}]},{"@type":"BreadcrumbList","@id":"https:\/\/www.fb-srl.com\/de\/stossen\/#breadcrumb","itemListElement":[{"@type":"ListItem","position":1,"name":"Home","item":"https:\/\/www.fb-srl.com\/de\/"},{"@type":"ListItem","position":2,"name":"STOSSEN"}]},{"@type":"WebSite","@id":"https:\/\/www.fb-srl.com\/#website","url":"https:\/\/www.fb-srl.com\/","name":"FB s.r.l.","description":"Lavorazioni Meccaniche di precisione","publisher":{"@id":"https:\/\/www.fb-srl.com\/#organization"},"potentialAction":[{"@type":"SearchAction","target":{"@type":"EntryPoint","urlTemplate":"https:\/\/www.fb-srl.com\/?s={search_term_string}"},"query-input":"required name=search_term_string"}],"inLanguage":"de"},{"@type":"Organization","@id":"https:\/\/www.fb-srl.com\/#organization","name":"FB srl","url":"https:\/\/www.fb-srl.com\/","logo":{"@type":"ImageObject","inLanguage":"de","@id":"https:\/\/www.fb-srl.com\/#\/schema\/logo\/image\/","url":"https:\/\/www.fb-srl.com\/wp-content\/uploads\/2019\/07\/FB-logo.png","contentUrl":"https:\/\/www.fb-srl.com\/wp-content\/uploads\/2019\/07\/FB-logo.png","width":2175,"height":1063,"caption":"FB srl"},"image":{"@id":"https:\/\/www.fb-srl.com\/#\/schema\/logo\/image\/"}}]}},"_links":{"self":[{"href":"https:\/\/www.fb-srl.com\/de\/wp-json\/wp\/v2\/pages\/2874"}],"collection":[{"href":"https:\/\/www.fb-srl.com\/de\/wp-json\/wp\/v2\/pages"}],"about":[{"href":"https:\/\/www.fb-srl.com\/de\/wp-json\/wp\/v2\/types\/page"}],"author":[{"embeddable":true,"href":"https:\/\/www.fb-srl.com\/de\/wp-json\/wp\/v2\/users\/1"}],"replies":[{"embeddable":true,"href":"https:\/\/www.fb-srl.com\/de\/wp-json\/wp\/v2\/comments?post=2874"}],"version-history":[{"count":4,"href":"https:\/\/www.fb-srl.com\/de\/wp-json\/wp\/v2\/pages\/2874\/revisions"}],"predecessor-version":[{"id":3134,"href":"https:\/\/www.fb-srl.com\/de\/wp-json\/wp\/v2\/pages\/2874\/revisions\/3134"}],"wp:attachment":[{"href":"https:\/\/www.fb-srl.com\/de\/wp-json\/wp\/v2\/media?parent=2874"}],"curies":[{"name":"wp","href":"https:\/\/api.w.org\/{rel}","templated":true}]}}