{"id":2864,"date":"2019-09-04T18:54:54","date_gmt":"2019-09-04T18:54:54","guid":{"rendered":"https:\/\/www.fb-srl.com\/raumen\/"},"modified":"2019-09-09T19:13:09","modified_gmt":"2019-09-09T19:13:09","slug":"raumen","status":"publish","type":"page","link":"https:\/\/www.fb-srl.com\/de\/raumen\/","title":{"rendered":"R\u00c4UMEN"},"content":{"rendered":"<section class=\"wpb-content-wrapper\"><p>[vc_row][vc_column width=&#8220;2\/3&#8243;][vc_row_inner][vc_column_inner][vc_column_text css_animation=&#8220;fadeInLeft&#8220;]<br \/>\nIm Laufe der Jahre hat FB SRL sich auf R\u00e4umbearbeitungen im Auftrag Dritter spezialisiert. Der Maschinenbestand z\u00e4hlt derzeit 18 Maschinen der j\u00fcngsten Generation, von denen die H\u00e4lfte automatisiert ist. Es k\u00f6nnen beispielsweise Hohlr\u00e4der f\u00fcr Planetengetriebe mit bis zu 350 mm Durchmesser bearbeitet werden.<br \/>\n[\/vc_column_text][\/vc_column_inner][\/vc_row_inner][vc_empty_space][vc_empty_space][vc_empty_space][vc_single_image image=&#8220;2859&#8243; img_size=&#8220;full&#8220; alignment=&#8220;center&#8220; css_animation=&#8220;fadeIn&#8220;][\/vc_column][vc_column width=&#8220;1\/3&#8243;][vc_single_image image=&#8220;2862&#8243; img_size=&#8220;300&#215;500&#8243; alignment=&#8220;center&#8220;][\/vc_column][\/vc_row][vc_row][vc_column][vc_gallery type=&#8220;flexslider_slide&#8220; interval=&#8220;3&#8243; images=&#8220;2908,2762,2761,2759,2758,2756,2754,2752,2751,2750,2749,2747,2746,2745,2743,2742,2741,2740,2739,2738,2736,2734&#8243; img_size=&#8220;full&#8220; onclick=&#8220;&#8220;][vc_empty_space][\/vc_column][\/vc_row]<\/p>\n<\/section>","protected":false},"excerpt":{"rendered":"<p>[vc_row][vc_column width=&#8220;2\/3&#8243;][vc_row_inner][vc_column_inner][vc_column_text css_animation=&#8220;fadeInLeft&#8220;] Im Laufe der Jahre hat FB SRL sich auf R\u00e4umbearbeitungen im Auftrag Dritter spezialisiert. Der Maschinenbestand z\u00e4hlt derzeit 18 Maschinen der j\u00fcngsten Generation, von denen die H\u00e4lfte&hellip;<\/p>\n","protected":false},"author":1,"featured_media":0,"parent":0,"menu_order":0,"comment_status":"closed","ping_status":"closed","template":"","meta":[],"yoast_head":"<!-- This site is optimized with the Yoast SEO plugin v20.11 - https:\/\/yoast.com\/wordpress\/plugins\/seo\/ -->\n<title>R\u00c4UMEN - FB s.r.l.<\/title>\n<meta name=\"robots\" content=\"index, follow, max-snippet:-1, max-image-preview:large, max-video-preview:-1\" \/>\n<link rel=\"canonical\" href=\"https:\/\/www.fb-srl.com\/de\/raumen\/\" \/>\n<meta property=\"og:locale\" content=\"de_DE\" \/>\n<meta property=\"og:type\" content=\"article\" \/>\n<meta property=\"og:title\" content=\"R\u00c4UMEN - FB s.r.l.\" \/>\n<meta property=\"og:description\" content=\"[vc_row][vc_column width=&#8220;2\/3&#8243;][vc_row_inner][vc_column_inner][vc_column_text css_animation=&#8220;fadeInLeft&#8220;] Im Laufe der Jahre hat FB SRL sich auf R\u00e4umbearbeitungen im Auftrag Dritter spezialisiert. Der Maschinenbestand z\u00e4hlt derzeit 18 Maschinen der j\u00fcngsten Generation, von denen die H\u00e4lfte&hellip;\" \/>\n<meta property=\"og:url\" content=\"https:\/\/www.fb-srl.com\/de\/raumen\/\" \/>\n<meta property=\"og:site_name\" content=\"FB s.r.l.\" \/>\n<meta property=\"article:modified_time\" content=\"2019-09-09T19:13:09+00:00\" \/>\n<meta name=\"twitter:card\" content=\"summary_large_image\" \/>\n<meta name=\"twitter:label1\" content=\"Gesch\u00e4tzte Lesezeit\" \/>\n\t<meta name=\"twitter:data1\" content=\"1\u00a0Minute\" \/>\n<script type=\"application\/ld+json\" class=\"yoast-schema-graph\">{\"@context\":\"https:\/\/schema.org\",\"@graph\":[{\"@type\":\"WebPage\",\"@id\":\"https:\/\/www.fb-srl.com\/de\/raumen\/\",\"url\":\"https:\/\/www.fb-srl.com\/de\/raumen\/\",\"name\":\"R\u00c4UMEN - FB s.r.l.\",\"isPartOf\":{\"@id\":\"https:\/\/www.fb-srl.com\/#website\"},\"datePublished\":\"2019-09-04T18:54:54+00:00\",\"dateModified\":\"2019-09-09T19:13:09+00:00\",\"breadcrumb\":{\"@id\":\"https:\/\/www.fb-srl.com\/de\/raumen\/#breadcrumb\"},\"inLanguage\":\"de\",\"potentialAction\":[{\"@type\":\"ReadAction\",\"target\":[\"https:\/\/www.fb-srl.com\/de\/raumen\/\"]}]},{\"@type\":\"BreadcrumbList\",\"@id\":\"https:\/\/www.fb-srl.com\/de\/raumen\/#breadcrumb\",\"itemListElement\":[{\"@type\":\"ListItem\",\"position\":1,\"name\":\"Home\",\"item\":\"https:\/\/www.fb-srl.com\/de\/\"},{\"@type\":\"ListItem\",\"position\":2,\"name\":\"R\u00c4UMEN\"}]},{\"@type\":\"WebSite\",\"@id\":\"https:\/\/www.fb-srl.com\/#website\",\"url\":\"https:\/\/www.fb-srl.com\/\",\"name\":\"FB s.r.l.\",\"description\":\"Lavorazioni Meccaniche di precisione\",\"publisher\":{\"@id\":\"https:\/\/www.fb-srl.com\/#organization\"},\"potentialAction\":[{\"@type\":\"SearchAction\",\"target\":{\"@type\":\"EntryPoint\",\"urlTemplate\":\"https:\/\/www.fb-srl.com\/?s={search_term_string}\"},\"query-input\":\"required name=search_term_string\"}],\"inLanguage\":\"de\"},{\"@type\":\"Organization\",\"@id\":\"https:\/\/www.fb-srl.com\/#organization\",\"name\":\"FB srl\",\"url\":\"https:\/\/www.fb-srl.com\/\",\"logo\":{\"@type\":\"ImageObject\",\"inLanguage\":\"de\",\"@id\":\"https:\/\/www.fb-srl.com\/#\/schema\/logo\/image\/\",\"url\":\"https:\/\/www.fb-srl.com\/wp-content\/uploads\/2019\/07\/FB-logo.png\",\"contentUrl\":\"https:\/\/www.fb-srl.com\/wp-content\/uploads\/2019\/07\/FB-logo.png\",\"width\":2175,\"height\":1063,\"caption\":\"FB srl\"},\"image\":{\"@id\":\"https:\/\/www.fb-srl.com\/#\/schema\/logo\/image\/\"}}]}<\/script>\n<!-- \/ Yoast SEO plugin. -->","yoast_head_json":{"title":"R\u00c4UMEN - FB s.r.l.","robots":{"index":"index","follow":"follow","max-snippet":"max-snippet:-1","max-image-preview":"max-image-preview:large","max-video-preview":"max-video-preview:-1"},"canonical":"https:\/\/www.fb-srl.com\/de\/raumen\/","og_locale":"de_DE","og_type":"article","og_title":"R\u00c4UMEN - FB s.r.l.","og_description":"[vc_row][vc_column width=&#8220;2\/3&#8243;][vc_row_inner][vc_column_inner][vc_column_text css_animation=&#8220;fadeInLeft&#8220;] Im Laufe der Jahre hat FB SRL sich auf R\u00e4umbearbeitungen im Auftrag Dritter spezialisiert. Der Maschinenbestand z\u00e4hlt derzeit 18 Maschinen der j\u00fcngsten Generation, von denen die H\u00e4lfte&hellip;","og_url":"https:\/\/www.fb-srl.com\/de\/raumen\/","og_site_name":"FB s.r.l.","article_modified_time":"2019-09-09T19:13:09+00:00","twitter_card":"summary_large_image","twitter_misc":{"Gesch\u00e4tzte Lesezeit":"1\u00a0Minute"},"schema":{"@context":"https:\/\/schema.org","@graph":[{"@type":"WebPage","@id":"https:\/\/www.fb-srl.com\/de\/raumen\/","url":"https:\/\/www.fb-srl.com\/de\/raumen\/","name":"R\u00c4UMEN - FB s.r.l.","isPartOf":{"@id":"https:\/\/www.fb-srl.com\/#website"},"datePublished":"2019-09-04T18:54:54+00:00","dateModified":"2019-09-09T19:13:09+00:00","breadcrumb":{"@id":"https:\/\/www.fb-srl.com\/de\/raumen\/#breadcrumb"},"inLanguage":"de","potentialAction":[{"@type":"ReadAction","target":["https:\/\/www.fb-srl.com\/de\/raumen\/"]}]},{"@type":"BreadcrumbList","@id":"https:\/\/www.fb-srl.com\/de\/raumen\/#breadcrumb","itemListElement":[{"@type":"ListItem","position":1,"name":"Home","item":"https:\/\/www.fb-srl.com\/de\/"},{"@type":"ListItem","position":2,"name":"R\u00c4UMEN"}]},{"@type":"WebSite","@id":"https:\/\/www.fb-srl.com\/#website","url":"https:\/\/www.fb-srl.com\/","name":"FB s.r.l.","description":"Lavorazioni Meccaniche di precisione","publisher":{"@id":"https:\/\/www.fb-srl.com\/#organization"},"potentialAction":[{"@type":"SearchAction","target":{"@type":"EntryPoint","urlTemplate":"https:\/\/www.fb-srl.com\/?s={search_term_string}"},"query-input":"required name=search_term_string"}],"inLanguage":"de"},{"@type":"Organization","@id":"https:\/\/www.fb-srl.com\/#organization","name":"FB srl","url":"https:\/\/www.fb-srl.com\/","logo":{"@type":"ImageObject","inLanguage":"de","@id":"https:\/\/www.fb-srl.com\/#\/schema\/logo\/image\/","url":"https:\/\/www.fb-srl.com\/wp-content\/uploads\/2019\/07\/FB-logo.png","contentUrl":"https:\/\/www.fb-srl.com\/wp-content\/uploads\/2019\/07\/FB-logo.png","width":2175,"height":1063,"caption":"FB srl"},"image":{"@id":"https:\/\/www.fb-srl.com\/#\/schema\/logo\/image\/"}}]}},"_links":{"self":[{"href":"https:\/\/www.fb-srl.com\/de\/wp-json\/wp\/v2\/pages\/2864"}],"collection":[{"href":"https:\/\/www.fb-srl.com\/de\/wp-json\/wp\/v2\/pages"}],"about":[{"href":"https:\/\/www.fb-srl.com\/de\/wp-json\/wp\/v2\/types\/page"}],"author":[{"embeddable":true,"href":"https:\/\/www.fb-srl.com\/de\/wp-json\/wp\/v2\/users\/1"}],"replies":[{"embeddable":true,"href":"https:\/\/www.fb-srl.com\/de\/wp-json\/wp\/v2\/comments?post=2864"}],"version-history":[{"count":3,"href":"https:\/\/www.fb-srl.com\/de\/wp-json\/wp\/v2\/pages\/2864\/revisions"}],"predecessor-version":[{"id":2913,"href":"https:\/\/www.fb-srl.com\/de\/wp-json\/wp\/v2\/pages\/2864\/revisions\/2913"}],"wp:attachment":[{"href":"https:\/\/www.fb-srl.com\/de\/wp-json\/wp\/v2\/media?parent=2864"}],"curies":[{"name":"wp","href":"https:\/\/api.w.org\/{rel}","templated":true}]}}