{"id":2852,"date":"2019-09-04T18:51:10","date_gmt":"2019-09-04T18:51:10","guid":{"rendered":"https:\/\/www.fb-srl.com\/home\/"},"modified":"2020-09-16T18:52:37","modified_gmt":"2020-09-16T18:52:37","slug":"home","status":"publish","type":"page","link":"https:\/\/www.fb-srl.com\/de\/","title":{"rendered":"Home"},"content":{"rendered":"<section class=\"wpb-content-wrapper\"><p>[vc_row full_width=&#8220;stretch_row_content_no_spaces&#8220;][vc_column][rev_slider_vc alias=&#8220;italiano&#8220;][\/vc_column][\/vc_row][vc_row equal_height=&#8220;yes&#8220; css=&#8220;.vc_custom_1580371785868{padding-top: 80px !important;padding-bottom: 0px !important;}&#8220;][vc_column width=&#8220;1\/5&#8243; el_class=&#8220;fp-about-desc&#8220; css=&#8220;.vc_custom_1479959546762{padding-left: 45px !important;}&#8220;][\/vc_column][vc_column width=&#8220;1\/5&#8243; el_class=&#8220;top-spacing&#8220;][vc_single_image image=&#8220;3237&#8243; img_size=&#8220;full&#8220; alignment=&#8220;center&#8220; onclick=&#8220;custom_link&#8220; link=&#8220;https:\/\/www.fb-srl.com\/fiere\/&#8220;][\/vc_column][vc_column width=&#8220;1\/5&#8243;][vc_empty_space][vc_single_image image=&#8220;3181&#8243; img_size=&#8220;full&#8220; alignment=&#8220;center&#8220; onclick=&#8220;custom_link&#8220; link=&#8220;https:\/\/www.fb-srl.com\/fiere\/&#8220;][\/vc_column][vc_column width=&#8220;1\/5&#8243;][vc_single_image image=&#8220;3193&#8243; img_size=&#8220;full&#8220; alignment=&#8220;center&#8220; onclick=&#8220;custom_link&#8220; link=&#8220;https:\/\/www.fb-srl.com\/fiere\/&#8220;][\/vc_column][vc_column width=&#8220;1\/5&#8243;][\/vc_column][\/vc_row][vc_row css=&#8220;.vc_custom_1580371813763{padding-top: 0px !important;padding-bottom: 80px !important;}&#8220;][vc_column width=&#8220;1\/5&#8243; el_class=&#8220;fp-about-desc&#8220; css=&#8220;.vc_custom_1479959546762{padding-left: 45px !important;}&#8220;][\/vc_column][vc_column width=&#8220;1\/5&#8243; el_class=&#8220;top-spacing&#8220;][vc_column_text]<\/p>\n<p style=\"text-align: center;\"><strong>PAD 8 STAND K07<\/strong><\/p>\n<p>[\/vc_column_text][\/vc_column][vc_column width=&#8220;1\/5&#8243;][vc_column_text]<\/p>\n<p style=\"text-align: center;\"><strong>PAD 10 STAND 50<\/strong><\/p>\n<p>[\/vc_column_text][\/vc_column][vc_column width=&#8220;1\/5&#8243;][vc_column_text]<\/p>\n<p style=\"text-align: center;\"><strong>PAD B STAND 354<\/strong><\/p>\n<p>[\/vc_column_text][\/vc_column][vc_column width=&#8220;1\/5&#8243;][\/vc_column][\/vc_row][vc_row css=&#8220;.vc_custom_1580371719781{padding-top: 0px !important;padding-bottom: 70px !important;}&#8220;][vc_column width=&#8220;1\/2&#8243; el_class=&#8220;fp-about-desc&#8220; css=&#8220;.vc_custom_1479959546762{padding-left: 45px !important;}&#8220;][vc_column_text css=&#8220;.vc_custom_1562247648064{margin-bottom: 30px !important;}&#8220; el_class=&#8220;fp-main-text&#8220;]<\/p>\n<p class=\"main-color\" style=\"line-height: 40px; font-size: 30px; font-weight: 400;\">DAS UNTERNEHMEN<\/p>\n<p>[\/vc_column_text][vc_column_text css_animation=&#8220;fadeIn&#8220; css=&#8220;.vc_custom_1567622023971{margin-bottom: 30px !important;}&#8220;]Die FB SRL wurde 1973 als mittelst\u00e4ndische, auf das Bohren und Entgraten von Zahnr\u00e4dern spezialisierte Auftragswerkstatt gegr\u00fcndet. Die Firma verzeichnet ab Mitte der 90er Jahre ein stetiges Wachstum sowohl beim Ausbau der Infrastrukturen als auch bei Personal, Maschinen und Umsatz. Die FB SRL ist auf Anwendungen in den Bereichen R\u00e4umen (Bearbeitungsdurchmesser bis 350 mm) und Sto\u00dfen (und Entgraten mit Gratomat\u00ae), zur Realisierung von kleinen, mittleren und gro\u00dfen St\u00fcckzahlen nach unterschiedlichen Mustern oder Vorlagen spezialisiert, und in der Lage, eine breit gef\u00e4cherte und anspruchsvolle Kundschaft zu bedienen.Die FB SRL wurde 1973 als mittelst\u00e4ndische, auf das Bohren und Entgraten von Zahnr\u00e4dern spezialisierte Auftragswerkstatt gegr\u00fcndet. Die Firma verzeichnet ab Mitte der 90er Jahre ein stetiges Wachstum sowohl beim Ausbau der Infrastrukturen als auch bei Personal, Maschinen und Umsatz. Die FB SRL ist auf Anwendungen in den Bereichen R\u00e4umen (Bearbeitungsdurchmesser bis 350 mm) und Sto\u00dfen (und Entgraten mit Gratomat\u00ae), zur Realisierung von kleinen, mittleren und gro\u00dfen St\u00fcckzahlen nach unterschiedlichen Mustern oder Vorlagen spezialisiert, und in der Lage, eine breit gef\u00e4cherte und anspruchsvolle Kundschaft zu bedienen.[\/vc_column_text][vc_column_text css_animation=&#8220;fadeIn&#8220;]Die kontinuierliche Weiterentwicklung hat FB SRL zu einem zuverl\u00e4ssigen und wettbewerbsf\u00e4higen Partner f\u00fcr viele prestigetr\u00e4chtige Kunden gemacht.<br \/>\nDie wichtigsten Zielbranchen des Unternehmens sind: Zahnr\u00e4der-und Getriebeherstellung, Automobilsektor, Erdbewegung, Motorradsektor.[\/vc_column_text][\/vc_column][vc_column width=&#8220;1\/2&#8243; el_class=&#8220;top-spacing&#8220;][vc_empty_space height=&#8220;55px&#8220;][vc_raw_html]PGlmcmFtZSBzcmM9Imh0dHBzOi8vd3d3LnlvdXR1YmUuY29tL2VtYmVkL3hwdENkM3Z3b1NZP3JlbD0wJmFtcDtjb250cm9scz0wIiB3aWR0aD0iNTYwIiBoZWlnaHQ9IjMxNSIgZnJhbWVib3JkZXI9IjAiIGFsbG93ZnVsbHNjcmVlbj0iYWxsb3dmdWxsc2NyZWVuIj48L2lmcmFtZT4=[\/vc_raw_html][\/vc_column][\/vc_row][vc_row][vc_column][vc_cta h2=&#8220;EINE FESTE GR\u00d6SSE IM SEKTOR DER VERARBEITENDEN INDUSTRIE&#8220; txt_align=&#8220;center&#8220; css_animation=&#8220;fadeInDown&#8220;][\/vc_cta][\/vc_column][\/vc_row][vc_row full_width=&#8220;stretch_row&#8220; css=&#8220;.vc_custom_1562853812955{background-color: #ffffff !important;}&#8220;][vc_column][vc_single_image image=&#8220;3225&#8243; img_size=&#8220;full&#8220; alignment=&#8220;center&#8220; css_animation=&#8220;fadeInDown&#8220;][\/vc_column][\/vc_row][vc_row css=&#8220;.vc_custom_1479959461478{padding-top: 80px !important;padding-bottom: 70px !important;}&#8220;][vc_column width=&#8220;1\/2&#8243; el_class=&#8220;fp-about-desc&#8220; css=&#8220;.vc_custom_1479959546762{padding-left: 45px !important;}&#8220;][vc_empty_space height=&#8220;55px&#8220;][vc_column_text css_animation=&#8220;fadeIn&#8220; css=&#8220;.vc_custom_1567622240367{margin-bottom: 30px !important;}&#8220;]Die Zertifizierung nach ISO 9001, die kontinuierliche Entwicklung neuer Maschinen, Anlageinvestitionen, hochqualifizierten Mitarbeiter und Messger\u00e4te der neuesten Generation stellen die Voraussetzungen daf\u00fcr dar, dass die Firma heute zu einem f\u00fchrenden Hersteller von mechanischen Getrieben aufgestiegen ist. FB SRL ist ein dynamisches Unternehmen, das dem kontinuierlichen technologischen Fortschritt verpflichtet ist und eine stetige Verbesserung der Herstellungs- und Qualit\u00e4tssicherungsprozesse anstrebt.[\/vc_column_text][vc_btn title=&#8220;Gehe zu Qualit\u00e4t&#8220; i_icon_fontawesome=&#8220;fa fa-share&#8220; css_animation=&#8220;fadeInLeft&#8220; add_icon=&#8220;true&#8220; link=&#8220;url:https%3A%2F%2Fwww.fb-srl.com%2Fde%2Fqualita%2F|title:Qualit%C3%A4t|&#8220;][\/vc_column][vc_column width=&#8220;1\/2&#8243; el_class=&#8220;top-spacing&#8220;][vc_single_image image=&#8220;2850&#8243; img_size=&#8220;250&#215;250&#8243; alignment=&#8220;center&#8220; css_animation=&#8220;fadeInRight&#8220;][\/vc_column][\/vc_row][vc_row][vc_column][vc_text_separator title=&#8220;PRECISION MECHANICAL WORKING&#8220;][\/vc_column][\/vc_row][vc_row css=&#8220;.vc_custom_1479959461478{padding-top: 80px !important;padding-bottom: 70px !important;}&#8220;][vc_column width=&#8220;1\/3&#8243; el_class=&#8220;fp-about-desc&#8220; css=&#8220;.vc_custom_1479959546762{padding-left: 45px !important;}&#8220;][vc_single_image image=&#8220;2849&#8243; img_size=&#8220;250&#215;250&#8243; alignment=&#8220;center&#8220; onclick=&#8220;custom_link&#8220; link=&#8220;https:\/\/www.fb-srl.com\/brocciatura\/&#8220;][vc_column_text]<\/p>\n<h4 style=\"text-align: center;\"><a href=\"https:\/\/www.fb-srl.com\/de\/raumen\/\">R\u00c4UMEN<\/a><\/h4>\n<p>[\/vc_column_text][\/vc_column][vc_column width=&#8220;1\/3&#8243; el_class=&#8220;top-spacing&#8220;][vc_single_image image=&#8220;2847&#8243; img_size=&#8220;250&#215;250&#8243; alignment=&#8220;center&#8220; onclick=&#8220;custom_link&#8220; link=&#8220;https:\/\/www.fb-srl.com\/stozzatura\/&#8220;][vc_column_text]<\/p>\n<h4 style=\"text-align: center;\"><a href=\"https:\/\/www.fb-srl.com\/de\/stossen\/\">STOSSEN<\/a><\/h4>\n<p>[\/vc_column_text][\/vc_column][vc_column width=&#8220;1\/3&#8243;][vc_single_image image=&#8220;2848&#8243; img_size=&#8220;250&#215;250&#8243; alignment=&#8220;center&#8220; onclick=&#8220;custom_link&#8220; link=&#8220;https:\/\/www.fb-srl.com\/gratomatr\/&#8220;][vc_column_text]<\/p>\n<h4 style=\"text-align: center;\"><a href=\"https:\/\/www.fb-srl.com\/de\/gratomat\/\">GRATOMAT\u00ae<\/a><\/h4>\n<p>[\/vc_column_text][\/vc_column][\/vc_row][vc_row][vc_column][vc_empty_space][vc_text_separator title=&#8220;ANWENDUNGSBEREICHE&#8220;][vc_empty_space][vc_row_inner][vc_column_inner width=&#8220;1\/5&#8243;][vc_column_text]Fahrzeuge,<br \/>\nMotorr\u00e4der,<br \/>\nErdbewegungsmaschinen,<br \/>\nLeichte und schwere Transportfahrzeuge<br \/>\nSchiffskomponenten,[\/vc_column_text][\/vc_column_inner][vc_column_inner width=&#8220;1\/5&#8243;][vc_column_text]Landwirtschaftliche Maschinen,<br \/>\nTraktoren,<br \/>\nGabelstapler und Hebesysteme,<br \/>\nWechselkurse und Differentiale<br \/>\nGetriebe und Getriebemotoren[\/vc_column_text][\/vc_column_inner][vc_column_inner width=&#8220;1\/5&#8243;][vc_column_text]Hochdruckpumpen,<br \/>\nKompressoren,<br \/>\nGenerieren von Sets,<br \/>\nWerkzeugmaschinen,<br \/>\nIndustriemaschinen,[\/vc_column_text][\/vc_column_inner][vc_column_inner width=&#8220;1\/5&#8243;][vc_column_text]Druckmaschinen,<br \/>\nAutomatisierungskomponenten,<br \/>\nMaschinen f\u00fcr die Lebensmittelindustrie,<br \/>\nPr\u00e4zisionssysteme,<br \/>\nTextilmaschinen,[\/vc_column_text][\/vc_column_inner][vc_column_inner width=&#8220;1\/5&#8243;][vc_column_text]Elektrotherapie,<br \/>\nSportmotoren,<br \/>\nGo-Kart,<br \/>\nKomponenten f\u00fcr Wettbewerbe,<br \/>\nLuftfahrt.[\/vc_column_text][\/vc_column_inner][\/vc_row_inner][\/vc_column][\/vc_row][vc_row][vc_column width=&#8220;1\/2&#8243;][vc_empty_space height=&#8220;40px&#8220;][vc_column_text]<\/p>\n<p style=\"text-align: right;\">Laden Sie die Brosch\u00fcre herunter:<\/p>\n<p>[\/vc_column_text][\/vc_column][vc_column width=&#8220;1\/2&#8243;][vc_empty_space][vc_column_text]<a href=\"https:\/\/www.fb-srl.com\/wp-content\/uploads\/2020\/02\/Brochure-FB-SRL-2020-web.pdf\"><img decoding=\"async\" loading=\"lazy\" src=\"https:\/\/www.fb-srl.com\/wp-content\/uploads\/2020\/02\/unnamed.png\" alt=\"\" width=\"50&quot;\" height=\"50\" \/><\/a>[\/vc_column_text][\/vc_column][\/vc_row][vc_row][vc_column][vc_empty_space][vc_empty_space][\/vc_column][\/vc_row]<\/p>\n<\/section>","protected":false},"excerpt":{"rendered":"<p>[vc_row full_width=&#8220;stretch_row_content_no_spaces&#8220;][vc_column][rev_slider_vc alias=&#8220;italiano&#8220;][\/vc_column][\/vc_row][vc_row equal_height=&#8220;yes&#8220; css=&#8220;.vc_custom_1580371785868{padding-top: 80px !important;padding-bottom: 0px !important;}&#8220;][vc_column width=&#8220;1\/5&#8243; el_class=&#8220;fp-about-desc&#8220; css=&#8220;.vc_custom_1479959546762{padding-left: 45px !important;}&#8220;][\/vc_column][vc_column width=&#8220;1\/5&#8243; el_class=&#8220;top-spacing&#8220;][vc_single_image image=&#8220;3237&#8243; img_size=&#8220;full&#8220; alignment=&#8220;center&#8220; onclick=&#8220;custom_link&#8220; link=&#8220;https:\/\/www.fb-srl.com\/fiere\/&#8220;][\/vc_column][vc_column width=&#8220;1\/5&#8243;][vc_empty_space][vc_single_image image=&#8220;3181&#8243; img_size=&#8220;full&#8220; alignment=&#8220;center&#8220; onclick=&#8220;custom_link&#8220; link=&#8220;https:\/\/www.fb-srl.com\/fiere\/&#8220;][\/vc_column][vc_column width=&#8220;1\/5&#8243;][vc_single_image image=&#8220;3193&#8243; img_size=&#8220;full&#8220;&hellip;<\/p>\n","protected":false},"author":1,"featured_media":0,"parent":0,"menu_order":0,"comment_status":"closed","ping_status":"closed","template":"template-homepage.php","meta":[],"yoast_head":"<!-- This site is optimized with the Yoast SEO plugin v20.11 - https:\/\/yoast.com\/wordpress\/plugins\/seo\/ -->\n<title>Home - FB s.r.l.<\/title>\n<meta name=\"robots\" content=\"index, follow, max-snippet:-1, max-image-preview:large, max-video-preview:-1\" \/>\n<link rel=\"canonical\" href=\"https:\/\/www.fb-srl.com\/de\/\" \/>\n<meta property=\"og:locale\" content=\"de_DE\" \/>\n<meta property=\"og:type\" content=\"article\" \/>\n<meta property=\"og:title\" content=\"Home - FB s.r.l.\" \/>\n<meta property=\"og:description\" content=\"[vc_row full_width=&#8220;stretch_row_content_no_spaces&#8220;][vc_column][rev_slider_vc alias=&#8220;italiano&#8220;][\/vc_column][\/vc_row][vc_row equal_height=&#8220;yes&#8220; css=&#8220;.vc_custom_1580371785868{padding-top: 80px !important;padding-bottom: 0px !important;}&#8220;][vc_column width=&#8220;1\/5&#8243; el_class=&#8220;fp-about-desc&#8220; css=&#8220;.vc_custom_1479959546762{padding-left: 45px !important;}&#8220;][\/vc_column][vc_column width=&#8220;1\/5&#8243; el_class=&#8220;top-spacing&#8220;][vc_single_image image=&#8220;3237&#8243; img_size=&#8220;full&#8220; alignment=&#8220;center&#8220; onclick=&#8220;custom_link&#8220; link=&#8220;https:\/\/www.fb-srl.com\/fiere\/&#8220;][\/vc_column][vc_column width=&#8220;1\/5&#8243;][vc_empty_space][vc_single_image image=&#8220;3181&#8243; img_size=&#8220;full&#8220; alignment=&#8220;center&#8220; onclick=&#8220;custom_link&#8220; link=&#8220;https:\/\/www.fb-srl.com\/fiere\/&#8220;][\/vc_column][vc_column width=&#8220;1\/5&#8243;][vc_single_image image=&#8220;3193&#8243; img_size=&#8220;full&#8220;&hellip;\" \/>\n<meta property=\"og:url\" content=\"https:\/\/www.fb-srl.com\/de\/\" \/>\n<meta property=\"og:site_name\" content=\"FB s.r.l.\" \/>\n<meta property=\"article:modified_time\" content=\"2020-09-16T18:52:37+00:00\" \/>\n<meta property=\"og:image\" content=\"https:\/\/www.fb-srl.com\/wp-content\/uploads\/2020\/02\/unnamed.png\" \/>\n<meta name=\"twitter:card\" content=\"summary_large_image\" \/>\n<meta name=\"twitter:label1\" content=\"Gesch\u00e4tzte Lesezeit\" \/>\n\t<meta name=\"twitter:data1\" content=\"5\u00a0Minuten\" \/>\n<script type=\"application\/ld+json\" class=\"yoast-schema-graph\">{\"@context\":\"https:\/\/schema.org\",\"@graph\":[{\"@type\":\"WebPage\",\"@id\":\"https:\/\/www.fb-srl.com\/de\/\",\"url\":\"https:\/\/www.fb-srl.com\/de\/\",\"name\":\"Home - FB s.r.l.\",\"isPartOf\":{\"@id\":\"https:\/\/www.fb-srl.com\/#website\"},\"datePublished\":\"2019-09-04T18:51:10+00:00\",\"dateModified\":\"2020-09-16T18:52:37+00:00\",\"breadcrumb\":{\"@id\":\"https:\/\/www.fb-srl.com\/de\/#breadcrumb\"},\"inLanguage\":\"de\",\"potentialAction\":[{\"@type\":\"ReadAction\",\"target\":[\"https:\/\/www.fb-srl.com\/de\/\"]}]},{\"@type\":\"BreadcrumbList\",\"@id\":\"https:\/\/www.fb-srl.com\/de\/#breadcrumb\",\"itemListElement\":[{\"@type\":\"ListItem\",\"position\":1,\"name\":\"Home\",\"item\":\"https:\/\/www.fb-srl.com\/de\/\"},{\"@type\":\"ListItem\",\"position\":2,\"name\":\"Home\"}]},{\"@type\":\"WebSite\",\"@id\":\"https:\/\/www.fb-srl.com\/#website\",\"url\":\"https:\/\/www.fb-srl.com\/\",\"name\":\"FB s.r.l.\",\"description\":\"Lavorazioni Meccaniche di precisione\",\"publisher\":{\"@id\":\"https:\/\/www.fb-srl.com\/#organization\"},\"potentialAction\":[{\"@type\":\"SearchAction\",\"target\":{\"@type\":\"EntryPoint\",\"urlTemplate\":\"https:\/\/www.fb-srl.com\/?s={search_term_string}\"},\"query-input\":\"required name=search_term_string\"}],\"inLanguage\":\"de\"},{\"@type\":\"Organization\",\"@id\":\"https:\/\/www.fb-srl.com\/#organization\",\"name\":\"FB srl\",\"url\":\"https:\/\/www.fb-srl.com\/\",\"logo\":{\"@type\":\"ImageObject\",\"inLanguage\":\"de\",\"@id\":\"https:\/\/www.fb-srl.com\/#\/schema\/logo\/image\/\",\"url\":\"https:\/\/www.fb-srl.com\/wp-content\/uploads\/2019\/07\/FB-logo.png\",\"contentUrl\":\"https:\/\/www.fb-srl.com\/wp-content\/uploads\/2019\/07\/FB-logo.png\",\"width\":2175,\"height\":1063,\"caption\":\"FB srl\"},\"image\":{\"@id\":\"https:\/\/www.fb-srl.com\/#\/schema\/logo\/image\/\"}}]}<\/script>\n<!-- \/ Yoast SEO plugin. -->","yoast_head_json":{"title":"Home - FB s.r.l.","robots":{"index":"index","follow":"follow","max-snippet":"max-snippet:-1","max-image-preview":"max-image-preview:large","max-video-preview":"max-video-preview:-1"},"canonical":"https:\/\/www.fb-srl.com\/de\/","og_locale":"de_DE","og_type":"article","og_title":"Home - FB s.r.l.","og_description":"[vc_row full_width=&#8220;stretch_row_content_no_spaces&#8220;][vc_column][rev_slider_vc alias=&#8220;italiano&#8220;][\/vc_column][\/vc_row][vc_row equal_height=&#8220;yes&#8220; css=&#8220;.vc_custom_1580371785868{padding-top: 80px !important;padding-bottom: 0px !important;}&#8220;][vc_column width=&#8220;1\/5&#8243; el_class=&#8220;fp-about-desc&#8220; css=&#8220;.vc_custom_1479959546762{padding-left: 45px !important;}&#8220;][\/vc_column][vc_column width=&#8220;1\/5&#8243; el_class=&#8220;top-spacing&#8220;][vc_single_image image=&#8220;3237&#8243; img_size=&#8220;full&#8220; alignment=&#8220;center&#8220; onclick=&#8220;custom_link&#8220; link=&#8220;https:\/\/www.fb-srl.com\/fiere\/&#8220;][\/vc_column][vc_column width=&#8220;1\/5&#8243;][vc_empty_space][vc_single_image image=&#8220;3181&#8243; img_size=&#8220;full&#8220; alignment=&#8220;center&#8220; onclick=&#8220;custom_link&#8220; link=&#8220;https:\/\/www.fb-srl.com\/fiere\/&#8220;][\/vc_column][vc_column width=&#8220;1\/5&#8243;][vc_single_image image=&#8220;3193&#8243; img_size=&#8220;full&#8220;&hellip;","og_url":"https:\/\/www.fb-srl.com\/de\/","og_site_name":"FB s.r.l.","article_modified_time":"2020-09-16T18:52:37+00:00","og_image":[{"url":"https:\/\/www.fb-srl.com\/wp-content\/uploads\/2020\/02\/unnamed.png"}],"twitter_card":"summary_large_image","twitter_misc":{"Gesch\u00e4tzte Lesezeit":"5\u00a0Minuten"},"schema":{"@context":"https:\/\/schema.org","@graph":[{"@type":"WebPage","@id":"https:\/\/www.fb-srl.com\/de\/","url":"https:\/\/www.fb-srl.com\/de\/","name":"Home - FB s.r.l.","isPartOf":{"@id":"https:\/\/www.fb-srl.com\/#website"},"datePublished":"2019-09-04T18:51:10+00:00","dateModified":"2020-09-16T18:52:37+00:00","breadcrumb":{"@id":"https:\/\/www.fb-srl.com\/de\/#breadcrumb"},"inLanguage":"de","potentialAction":[{"@type":"ReadAction","target":["https:\/\/www.fb-srl.com\/de\/"]}]},{"@type":"BreadcrumbList","@id":"https:\/\/www.fb-srl.com\/de\/#breadcrumb","itemListElement":[{"@type":"ListItem","position":1,"name":"Home","item":"https:\/\/www.fb-srl.com\/de\/"},{"@type":"ListItem","position":2,"name":"Home"}]},{"@type":"WebSite","@id":"https:\/\/www.fb-srl.com\/#website","url":"https:\/\/www.fb-srl.com\/","name":"FB s.r.l.","description":"Lavorazioni Meccaniche di precisione","publisher":{"@id":"https:\/\/www.fb-srl.com\/#organization"},"potentialAction":[{"@type":"SearchAction","target":{"@type":"EntryPoint","urlTemplate":"https:\/\/www.fb-srl.com\/?s={search_term_string}"},"query-input":"required name=search_term_string"}],"inLanguage":"de"},{"@type":"Organization","@id":"https:\/\/www.fb-srl.com\/#organization","name":"FB srl","url":"https:\/\/www.fb-srl.com\/","logo":{"@type":"ImageObject","inLanguage":"de","@id":"https:\/\/www.fb-srl.com\/#\/schema\/logo\/image\/","url":"https:\/\/www.fb-srl.com\/wp-content\/uploads\/2019\/07\/FB-logo.png","contentUrl":"https:\/\/www.fb-srl.com\/wp-content\/uploads\/2019\/07\/FB-logo.png","width":2175,"height":1063,"caption":"FB srl"},"image":{"@id":"https:\/\/www.fb-srl.com\/#\/schema\/logo\/image\/"}}]}},"_links":{"self":[{"href":"https:\/\/www.fb-srl.com\/de\/wp-json\/wp\/v2\/pages\/2852"}],"collection":[{"href":"https:\/\/www.fb-srl.com\/de\/wp-json\/wp\/v2\/pages"}],"about":[{"href":"https:\/\/www.fb-srl.com\/de\/wp-json\/wp\/v2\/types\/page"}],"author":[{"embeddable":true,"href":"https:\/\/www.fb-srl.com\/de\/wp-json\/wp\/v2\/users\/1"}],"replies":[{"embeddable":true,"href":"https:\/\/www.fb-srl.com\/de\/wp-json\/wp\/v2\/comments?post=2852"}],"version-history":[{"count":13,"href":"https:\/\/www.fb-srl.com\/de\/wp-json\/wp\/v2\/pages\/2852\/revisions"}],"predecessor-version":[{"id":3240,"href":"https:\/\/www.fb-srl.com\/de\/wp-json\/wp\/v2\/pages\/2852\/revisions\/3240"}],"wp:attachment":[{"href":"https:\/\/www.fb-srl.com\/de\/wp-json\/wp\/v2\/media?parent=2852"}],"curies":[{"name":"wp","href":"https:\/\/api.w.org\/{rel}","templated":true}]}}